{"id":171,"date":"2023-06-14T05:54:05","date_gmt":"2023-06-14T05:54:05","guid":{"rendered":"https:\/\/guialatinoenisrael.com\/product\/basic\/"},"modified":"2023-08-07T12:05:36","modified_gmt":"2023-08-07T12:05:36","slug":"basic","status":"publish","type":"product","link":"https:\/\/guialatinoenisrael.com\/pt\/product\/basic\/","title":{"rendered":"B\u00e1sico"},"content":{"rendered":"<h4>12 cuotas mensuales de 100 \u20aa + IVA<\/h4>\n<ul>\n<li style=\"list-style-type: none;\">\n<ul>\n<li><span style=\"vertical-align: inherit;\"><span style=\"vertical-align: inherit;\">Destacado en p\u00e1ginas internas<\/span><\/span><\/li>\n<li>Tu Logo<\/li>\n<li>Galer\u00eda de fotos<\/li>\n<li>Formulario de Contacto<\/li>\n<li>Bot\u00f3n de Llamada<\/li>\n<li>Bot\u00f3n de chat WhatsApp<\/li>\n<li><span style=\"vertical-align: inherit;\"><span style=\"vertical-align: inherit;\">Bot\u00f3n de enlace de Waze<\/span><\/span><\/li>\n<li>Horario de Antenci\u00f3n<\/li>\n<li>Etiquetas: palabras clave para b\u00fasquedas<\/li>\n<li><strong>Todo durante los 365 d\u00edas del a\u00f1o<\/strong><\/li>\n<\/ul>\n<\/li>\n<\/ul>\n<p>&nbsp;<\/p>\n<p>&nbsp;<\/p>","protected":false},"excerpt":{"rendered":"<p>12 cuotas mensuales de 100 \u20aa + IVA Destacado en p\u00e1ginas internas Tu Logo Galer\u00eda de fotos Formulario de Contacto Bot\u00f3n de Llamada Bot\u00f3n de chat WhatsApp Bot\u00f3n de enlace de Waze Horario de Antenci\u00f3n Etiquetas: palabras clave para b\u00fasquedas Todo durante los 365 d\u00edas del a\u00f1o &nbsp; &nbsp;<\/p>","protected":false},"featured_media":1263,"comment_status":"open","ping_status":"closed","template":"","meta":[],"product_brand":[],"product_cat":[15],"product_tag":[],"class_list":{"0":"post-171","1":"product","2":"type-product","3":"status-publish","4":"has-post-thumbnail","6":"product_cat-uncategorized","8":"first","9":"instock","10":"sale","11":"virtual","12":"sold-individually","13":"taxable","14":"purchasable","15":"product-type-job_package_subscription"},"acf":[],"_links":{"self":[{"href":"https:\/\/guialatinoenisrael.com\/pt\/wp-json\/wp\/v2\/product\/171","targetHints":{"allow":["GET"]}}],"collection":[{"href":"https:\/\/guialatinoenisrael.com\/pt\/wp-json\/wp\/v2\/product"}],"about":[{"href":"https:\/\/guialatinoenisrael.com\/pt\/wp-json\/wp\/v2\/types\/product"}],"replies":[{"embeddable":true,"href":"https:\/\/guialatinoenisrael.com\/pt\/wp-json\/wp\/v2\/comments?post=171"}],"version-history":[{"count":3,"href":"https:\/\/guialatinoenisrael.com\/pt\/wp-json\/wp\/v2\/product\/171\/revisions"}],"predecessor-version":[{"id":1274,"href":"https:\/\/guialatinoenisrael.com\/pt\/wp-json\/wp\/v2\/product\/171\/revisions\/1274"}],"wp:featuredmedia":[{"embeddable":true,"href":"https:\/\/guialatinoenisrael.com\/pt\/wp-json\/wp\/v2\/media\/1263"}],"wp:attachment":[{"href":"https:\/\/guialatinoenisrael.com\/pt\/wp-json\/wp\/v2\/media?parent=171"}],"wp:term":[{"taxonomy":"product_brand","embeddable":true,"href":"https:\/\/guialatinoenisrael.com\/pt\/wp-json\/wp\/v2\/product_brand?post=171"},{"taxonomy":"product_cat","embeddable":true,"href":"https:\/\/guialatinoenisrael.com\/pt\/wp-json\/wp\/v2\/product_cat?post=171"},{"taxonomy":"product_tag","embeddable":true,"href":"https:\/\/guialatinoenisrael.com\/pt\/wp-json\/wp\/v2\/product_tag?post=171"}],"curies":[{"name":"wp","href":"https:\/\/api.w.org\/{rel}","templated":true}]}}