{"id":169,"date":"2023-06-14T05:54:05","date_gmt":"2023-06-14T05:54:05","guid":{"rendered":"https:\/\/guialatinoenisrael.com\/product\/premium\/"},"modified":"2023-08-07T12:02:11","modified_gmt":"2023-08-07T12:02:11","slug":"premium","status":"publish","type":"product","link":"https:\/\/guialatinoenisrael.com\/pt\/product\/premium\/","title":{"rendered":"Premium"},"content":{"rendered":"<h4>12 cuotas mensuales de 126 \u20aa + IVA<\/h4>\n<h5><span style=\"color: #565662;\"><strong>Todo el paquete B\u00e1sico m\u00e1s:<\/strong><\/span><\/h5>\n<ul>\n<li style=\"list-style-type: none;\">\n<ul>\n<li>Rotaci\u00f3n de anuncio en la P\u00e1gina de Inicio<\/li>\n<li>Destacado con prioridad en p\u00e1ginas internas<\/li>\n<li>Anuncios Relacionados<\/li>\n<li>Video embebido (Youtube, Vimeo, etc)<\/li>\n<li>\u00a0<strong><span style=\"vertical-align: inherit;\"><span style=\"vertical-align: inherit;\">Insignia de anuncio verificado <i class=\"fas fa-certificate\"><\/i><\/span><\/span><\/strong><\/li>\n<li><strong>Todo durante los 365 d\u00edas del a\u00f1o<\/strong><\/li>\n<\/ul>\n<\/li>\n<\/ul>\n<h2><\/h2>\n<p>&nbsp;<\/p>\n<p>&nbsp;<\/p>","protected":false},"excerpt":{"rendered":"<p>12 cuotas mensuales de 126 \u20aa + IVA Todo el paquete B\u00e1sico m\u00e1s: Rotaci\u00f3n de anuncio en la P\u00e1gina de Inicio Destacado con prioridad en p\u00e1ginas internas Anuncios Relacionados Video embebido (Youtube, Vimeo, etc) \u00a0Insignia de anuncio verificado Todo durante los 365 d\u00edas del a\u00f1o &nbsp; &nbsp;<\/p>","protected":false},"featured_media":1275,"comment_status":"open","ping_status":"closed","template":"","meta":[],"product_brand":[],"product_cat":[15],"product_tag":[],"class_list":{"0":"post-169","1":"product","2":"type-product","3":"status-publish","4":"has-post-thumbnail","6":"product_cat-uncategorized","8":"first","9":"instock","10":"sale","11":"virtual","12":"sold-individually","13":"taxable","14":"purchasable","15":"product-type-job_package_subscription"},"acf":[],"_links":{"self":[{"href":"https:\/\/guialatinoenisrael.com\/pt\/wp-json\/wp\/v2\/product\/169","targetHints":{"allow":["GET"]}}],"collection":[{"href":"https:\/\/guialatinoenisrael.com\/pt\/wp-json\/wp\/v2\/product"}],"about":[{"href":"https:\/\/guialatinoenisrael.com\/pt\/wp-json\/wp\/v2\/types\/product"}],"replies":[{"embeddable":true,"href":"https:\/\/guialatinoenisrael.com\/pt\/wp-json\/wp\/v2\/comments?post=169"}],"version-history":[{"count":3,"href":"https:\/\/guialatinoenisrael.com\/pt\/wp-json\/wp\/v2\/product\/169\/revisions"}],"predecessor-version":[{"id":1396,"href":"https:\/\/guialatinoenisrael.com\/pt\/wp-json\/wp\/v2\/product\/169\/revisions\/1396"}],"wp:featuredmedia":[{"embeddable":true,"href":"https:\/\/guialatinoenisrael.com\/pt\/wp-json\/wp\/v2\/media\/1275"}],"wp:attachment":[{"href":"https:\/\/guialatinoenisrael.com\/pt\/wp-json\/wp\/v2\/media?parent=169"}],"wp:term":[{"taxonomy":"product_brand","embeddable":true,"href":"https:\/\/guialatinoenisrael.com\/pt\/wp-json\/wp\/v2\/product_brand?post=169"},{"taxonomy":"product_cat","embeddable":true,"href":"https:\/\/guialatinoenisrael.com\/pt\/wp-json\/wp\/v2\/product_cat?post=169"},{"taxonomy":"product_tag","embeddable":true,"href":"https:\/\/guialatinoenisrael.com\/pt\/wp-json\/wp\/v2\/product_tag?post=169"}],"curies":[{"name":"wp","href":"https:\/\/api.w.org\/{rel}","templated":true}]}}