{"id":302,"date":"2023-06-16T23:35:17","date_gmt":"2023-06-16T23:35:17","guid":{"rendered":"https:\/\/guialatinoenisrael.com\/?page_id=302"},"modified":"2023-07-04T15:48:05","modified_gmt":"2023-07-04T15:48:05","slug":"quienes-somos","status":"publish","type":"page","link":"https:\/\/guialatinoenisrael.com\/pt\/quienes-somos\/","title":{"rendered":"Quienes somos"},"content":{"rendered":"\t\t<div data-elementor-type=\"wp-page\" data-elementor-id=\"302\" class=\"elementor elementor-302\" data-elementor-settings=\"{&quot;ha_cmc_init_switcher&quot;:&quot;no&quot;}\">\n\t\t\t\t\t\t<section class=\"elementor-section elementor-top-section elementor-element elementor-element-4f0e7fb elementor-section-boxed elementor-section-height-default elementor-section-height-default\" data-id=\"4f0e7fb\" data-element_type=\"section\" data-e-type=\"section\" data-settings=\"{&quot;_ha_eqh_enable&quot;:false}\">\n\t\t\t\t\t\t<div class=\"elementor-container elementor-column-gap-default\">\n\t\t\t\t\t<div class=\"elementor-column elementor-col-100 elementor-top-column elementor-element elementor-element-c95e273\" data-id=\"c95e273\" data-element_type=\"column\" data-e-type=\"column\">\n\t\t\t<div class=\"elementor-widget-wrap elementor-element-populated\">\n\t\t\t\t\t\t<section class=\"elementor-section elementor-inner-section elementor-element elementor-element-c43a25f elementor-section-boxed elementor-section-height-default elementor-section-height-default\" data-id=\"c43a25f\" data-element_type=\"section\" data-e-type=\"section\" data-settings=\"{&quot;_ha_eqh_enable&quot;:false}\">\n\t\t\t\t\t\t<div class=\"elementor-container elementor-column-gap-default\">\n\t\t\t\t\t<div class=\"elementor-column elementor-col-50 elementor-inner-column elementor-element elementor-element-ae81107\" data-id=\"ae81107\" data-element_type=\"column\" data-e-type=\"column\">\n\t\t\t<div class=\"elementor-widget-wrap elementor-element-populated\">\n\t\t\t\t\t\t<div class=\"elementor-element elementor-element-7c3a966 elementor-widget elementor-widget-heading\" data-id=\"7c3a966\" data-element_type=\"widget\" data-e-type=\"widget\" data-widget_type=\"heading.default\">\n\t\t\t\t<div class=\"elementor-widget-container\">\n\t\t\t\t\t<h2 class=\"elementor-heading-title elementor-size-default\">SOBRE NOSOTROS<\/h2>\t\t\t\t<\/div>\n\t\t\t\t<\/div>\n\t\t\t\t<div class=\"elementor-element elementor-element-4971996 elementor-widget elementor-widget-heading\" data-id=\"4971996\" data-element_type=\"widget\" data-e-type=\"widget\" data-widget_type=\"heading.default\">\n\t\t\t\t<div class=\"elementor-widget-container\">\n\t\t\t\t\t<h2 class=\"elementor-heading-title elementor-size-default\">POR QU\u00c9 NUESTRA PLATAFORMA TE HAR\u00c1 M\u00c1S F\u00c1CIL LA VIDA<\/h2>\t\t\t\t<\/div>\n\t\t\t\t<\/div>\n\t\t\t\t<div class=\"elementor-element elementor-element-98ebfc0 elementor-widget elementor-widget-text-editor\" data-id=\"98ebfc0\" data-element_type=\"widget\" data-e-type=\"widget\" data-widget_type=\"text-editor.default\">\n\t\t\t\t<div class=\"elementor-widget-container\">\n\t\t\t\t\t\t\t\t\t<p><span style=\"font-weight: 400;\">En nuestra plataforma encontrar\u00e1s a cada gu\u00eda con su perfil detallado: distribuido por especialidad (<\/span><i><span style=\"font-weight: 400;\">expertise<\/span><\/i><span style=\"font-weight: 400;\">), ciudad en la que ejerce, foto, diplomas, viajes realizados -como\u00a0 gu\u00eda individual o grupal- idiomas que habla y una rese\u00f1a sobre su experiencia profesional y laboral, as\u00ed como las recomendaciones y calificaciones de quienes han recibido sus servicios. Podr\u00e1s fijar una entrevista y contactarlo de manera directa e inmediata.<\/span><\/p>\t\t\t\t\t\t\t\t<\/div>\n\t\t\t\t<\/div>\n\t\t\t\t\t<\/div>\n\t\t<\/div>\n\t\t\t\t<div class=\"elementor-column elementor-col-50 elementor-inner-column elementor-element elementor-element-12a8f16\" data-id=\"12a8f16\" data-element_type=\"column\" data-e-type=\"column\">\n\t\t\t<div class=\"elementor-widget-wrap elementor-element-populated\">\n\t\t\t\t\t\t<div class=\"elementor-element elementor-element-050f4e0 elementor-widget elementor-widget-image\" data-id=\"050f4e0\" data-element_type=\"widget\" data-e-type=\"widget\" data-widget_type=\"image.default\">\n\t\t\t\t<div class=\"elementor-widget-container\">\n\t\t\t\t\t\t\t\t\t\t\t\t\t\t\t<img fetchpriority=\"high\" decoding=\"async\" width=\"681\" height=\"1024\" src=\"https:\/\/guialatinoenisrael.com\/wp-content\/uploads\/2023\/06\/pexels-carmit-shalev-laifer-9910107-681x1024.webp\" class=\"attachment-large size-large wp-image-983\" alt=\"\" srcset=\"https:\/\/guialatinoenisrael.com\/wp-content\/uploads\/2023\/06\/pexels-carmit-shalev-laifer-9910107-681x1024.webp 681w, https:\/\/guialatinoenisrael.com\/wp-content\/uploads\/2023\/06\/pexels-carmit-shalev-laifer-9910107-200x300.webp 200w, https:\/\/guialatinoenisrael.com\/wp-content\/uploads\/2023\/06\/pexels-carmit-shalev-laifer-9910107-768x1154.webp 768w, https:\/\/guialatinoenisrael.com\/wp-content\/uploads\/2023\/06\/pexels-carmit-shalev-laifer-9910107-1022x1536.webp 1022w, https:\/\/guialatinoenisrael.com\/wp-content\/uploads\/2023\/06\/pexels-carmit-shalev-laifer-9910107-8x12.webp 8w, https:\/\/guialatinoenisrael.com\/wp-content\/uploads\/2023\/06\/pexels-carmit-shalev-laifer-9910107-600x902.webp 600w, https:\/\/guialatinoenisrael.com\/wp-content\/uploads\/2023\/06\/pexels-carmit-shalev-laifer-9910107.webp 1080w\" sizes=\"(max-width: 681px) 100vw, 681px\" \/>\t\t\t\t\t\t\t\t\t\t\t\t\t\t\t<\/div>\n\t\t\t\t<\/div>\n\t\t\t\t\t<\/div>\n\t\t<\/div>\n\t\t\t\t\t<\/div>\n\t\t<\/section>\n\t\t\t\t<section class=\"elementor-section elementor-inner-section elementor-element elementor-element-dcb9a73 elementor-section-boxed elementor-section-height-default elementor-section-height-default\" data-id=\"dcb9a73\" data-element_type=\"section\" data-e-type=\"section\" data-settings=\"{&quot;_ha_eqh_enable&quot;:false}\">\n\t\t\t\t\t\t<div class=\"elementor-container elementor-column-gap-default\">\n\t\t\t\t\t<div class=\"elementor-column elementor-col-100 elementor-inner-column elementor-element elementor-element-d38ed4c\" data-id=\"d38ed4c\" data-element_type=\"column\" data-e-type=\"column\">\n\t\t\t<div class=\"elementor-widget-wrap elementor-element-populated\">\n\t\t\t\t\t\t<div class=\"elementor-element elementor-element-e7e9062 elementor-widget elementor-widget-text-editor\" data-id=\"e7e9062\" data-element_type=\"widget\" data-e-type=\"widget\" data-widget_type=\"text-editor.default\">\n\t\t\t\t<div class=\"elementor-widget-container\">\n\t\t\t\t\t\t\t\t\t<p><span style=\"font-weight: 400;\">Eventualmente, en la vida, necesitaremos un viaje espiritual para reencontrarnos con nuestra esencia y obtener la sanaci\u00f3n; alguien que conozca y le apasione el lugar al que vamos a recorrer, que no solamente nos describa el recorrido sino que nos ayude a vivenciar, a atravesar la emocionalidad que transmite cada calle, cada recoveco, cada piedra. Una persona capacitada, locuaz, que hable nuestro idioma y nos acompa\u00f1e a transitar por la historia y esencia de cada lugar en todas sus formas: su historia, su gente, su cultura, sus aromas, sus sabores. Un gu\u00eda que nos sepa asesorar y resolver con rapidez y buena predisposici\u00f3n cada una de nuestras necesidades al viajar. Alguien que nos brinde la capacidad para elegirlo y viajar; la tranquilidad al estar all\u00ed y la confianza para volver a elegirlo.<\/span><\/p>\t\t\t\t\t\t\t\t<\/div>\n\t\t\t\t<\/div>\n\t\t\t\t\t<\/div>\n\t\t<\/div>\n\t\t\t\t\t<\/div>\n\t\t<\/section>\n\t\t\t\t\t<\/div>\n\t\t<\/div>\n\t\t\t\t\t<\/div>\n\t\t<\/section>\n\t\t\t\t<section class=\"elementor-section elementor-top-section elementor-element elementor-element-14324f6 elementor-section-boxed elementor-section-height-default elementor-section-height-default\" data-id=\"14324f6\" data-element_type=\"section\" data-e-type=\"section\" data-settings=\"{&quot;_ha_eqh_enable&quot;:false}\">\n\t\t\t\t\t\t<div class=\"elementor-container elementor-column-gap-default\">\n\t\t\t\t\t<div class=\"elementor-column elementor-col-100 elementor-top-column elementor-element elementor-element-4d533bd\" data-id=\"4d533bd\" data-element_type=\"column\" data-e-type=\"column\">\n\t\t\t<div class=\"elementor-widget-wrap elementor-element-populated\">\n\t\t\t\t\t\t<div class=\"elementor-element elementor-element-ca0f212 elementor-widget elementor-widget-heading\" data-id=\"ca0f212\" data-element_type=\"widget\" data-e-type=\"widget\" data-widget_type=\"heading.default\">\n\t\t\t\t<div class=\"elementor-widget-container\">\n\t\t\t\t\t<h2 class=\"elementor-heading-title elementor-size-xl\">NUESTRA ESENCIA<\/h2>\t\t\t\t<\/div>\n\t\t\t\t<\/div>\n\t\t\t\t\t<\/div>\n\t\t<\/div>\n\t\t\t\t\t<\/div>\n\t\t<\/section>\n\t\t\t\t<section class=\"elementor-section elementor-top-section elementor-element elementor-element-d8a97a0 elementor-section-boxed elementor-section-height-default elementor-section-height-default\" data-id=\"d8a97a0\" data-element_type=\"section\" data-e-type=\"section\" data-settings=\"{&quot;_ha_eqh_enable&quot;:false}\">\n\t\t\t\t\t\t<div class=\"elementor-container elementor-column-gap-default\">\n\t\t\t\t\t<div class=\"elementor-column elementor-col-100 elementor-top-column elementor-element elementor-element-9577e59\" data-id=\"9577e59\" data-element_type=\"column\" data-e-type=\"column\">\n\t\t\t<div class=\"elementor-widget-wrap elementor-element-populated\">\n\t\t\t\t\t\t<div class=\"elementor-element elementor-element-ac26983 elementor-widget elementor-widget-html\" data-id=\"ac26983\" data-element_type=\"widget\" data-e-type=\"widget\" data-widget_type=\"html.default\">\n\t\t\t\t<div class=\"elementor-widget-container\">\n\t\t\t\t\t<div class=\"container-wrapper-genially\" style=\"position: relative; min-height: 400px; max-width: 100%;\"><img decoding=\"async\" src=\"https:\/\/img.genial.ly\/6099da72ffc0d62b9ed3170b\/2eebbc7e-814c-4e5c-962a-b07efa94f4a4.png\" class=\"loader-genially\" style=\"position: absolute; top: 0; right: 0; bottom: 0; left: 0; margin-top: auto; margin-right: auto; margin-bottom: auto; margin-left: auto; z-index: 1;width: 80px; height: 80px;\"\/><div id=\"649c29f7f71114001267efc3\" class=\"genially-embed\" style=\"margin: 0px auto; position: relative; height: auto; width: 100%;\"><\/div><\/div><script>(function (d) { var js, id = \"genially-embed-js\", ref = d.getElementsByTagName(\"script\")[0]; if (d.getElementById(id)) { return; } js = d.createElement(\"script\"); js.id = id; js.async = true; js.src = \"https:\/\/view.genial.ly\/static\/embed\/embed.js\"; ref.parentNode.insertBefore(js, ref); }(document));<\/script>\t\t\t\t<\/div>\n\t\t\t\t<\/div>\n\t\t\t\t\t<\/div>\n\t\t<\/div>\n\t\t\t\t\t<\/div>\n\t\t<\/section>\n\t\t\t\t<\/div>\n\t\t","protected":false},"excerpt":{"rendered":"<p>SOBRE NOSOTROS POR QU\u00c9 NUESTRA PLATAFORMA TE HAR\u00c1 M\u00c1S F\u00c1CIL LA VIDA En nuestra plataforma encontrar\u00e1s a cada gu\u00eda con su perfil detallado: distribuido por especialidad (expertise), ciudad en la que ejerce, foto, diplomas, viajes realizados -como\u00a0 gu\u00eda individual o grupal- idiomas que habla y una rese\u00f1a sobre su experiencia profesional y laboral, as\u00ed como [&hellip;]<\/p>\n","protected":false},"author":1,"featured_media":0,"parent":0,"menu_order":0,"comment_status":"closed","ping_status":"closed","template":"","meta":{"footnotes":""},"class_list":["post-302","page","type-page","status-publish","hentry"],"acf":[],"_links":{"self":[{"href":"https:\/\/guialatinoenisrael.com\/pt\/wp-json\/wp\/v2\/pages\/302","targetHints":{"allow":["GET"]}}],"collection":[{"href":"https:\/\/guialatinoenisrael.com\/pt\/wp-json\/wp\/v2\/pages"}],"about":[{"href":"https:\/\/guialatinoenisrael.com\/pt\/wp-json\/wp\/v2\/types\/page"}],"author":[{"embeddable":true,"href":"https:\/\/guialatinoenisrael.com\/pt\/wp-json\/wp\/v2\/users\/1"}],"replies":[{"embeddable":true,"href":"https:\/\/guialatinoenisrael.com\/pt\/wp-json\/wp\/v2\/comments?post=302"}],"version-history":[{"count":13,"href":"https:\/\/guialatinoenisrael.com\/pt\/wp-json\/wp\/v2\/pages\/302\/revisions"}],"predecessor-version":[{"id":1171,"href":"https:\/\/guialatinoenisrael.com\/pt\/wp-json\/wp\/v2\/pages\/302\/revisions\/1171"}],"wp:attachment":[{"href":"https:\/\/guialatinoenisrael.com\/pt\/wp-json\/wp\/v2\/media?parent=302"}],"curies":[{"name":"wp","href":"https:\/\/api.w.org\/{rel}","templated":true}]}}