{"id":3,"date":"2023-06-13T23:38:24","date_gmt":"2023-06-13T23:38:24","guid":{"rendered":"https:\/\/guialatinoenisrael.com\/?page_id=3"},"modified":"2023-06-17T16:29:22","modified_gmt":"2023-06-17T16:29:22","slug":"privacy-policy","status":"publish","type":"page","link":"https:\/\/guialatinoenisrael.com\/pt\/privacy-policy\/","title":{"rendered":"Pol\u00edtica de privacidade"},"content":{"rendered":"<div data-elementor-type=\"wp-page\" data-elementor-id=\"3\" class=\"elementor elementor-3\" data-elementor-settings=\"{&quot;ha_cmc_init_switcher&quot;:&quot;no&quot;}\">\n\t\t\t\t\t\t<section class=\"elementor-section elementor-top-section elementor-element elementor-element-293ae5d elementor-section-boxed elementor-section-height-default elementor-section-height-default\" data-id=\"293ae5d\" data-element_type=\"section\" data-e-type=\"section\" data-settings=\"{&quot;_ha_eqh_enable&quot;:false}\">\n\t\t\t\t\t\t<div class=\"elementor-container elementor-column-gap-default\">\n\t\t\t\t\t<div class=\"elementor-column elementor-col-100 elementor-top-column elementor-element elementor-element-5b909afe\" data-id=\"5b909afe\" data-element_type=\"column\" data-e-type=\"column\">\n\t\t\t<div class=\"elementor-widget-wrap elementor-element-populated\">\n\t\t\t\t\t\t<div class=\"elementor-element elementor-element-4be61811 elementor-widget elementor-widget-text-editor\" data-id=\"4be61811\" data-element_type=\"widget\" data-e-type=\"widget\" data-widget_type=\"text-editor.default\">\n\t\t\t\t<div class=\"elementor-widget-container\">\n\t\t\t\t\t\t\t\t\t\n<h2 class=\"wp-block-heading\">Pol\u00edtica de privacidade<\/h2>\n\n\n\n<p>Con este documento, queremos informarte de cu\u00e1les son los motivos por los que recogemos tus datos personales, qu\u00e9 hacemos con ellos, cu\u00e1les son tus derechos y de qu\u00e9 forma puedes ejercerlos. Si de verdad te interesa el destino de tus datos, te recomendamos que leas lo siguiente:<\/p>\n\n\n\n<h3 class=\"wp-block-heading\">&nbsp;<\/h3>\n\n\n\n<h4 class=\"wp-block-heading\"><strong>\u00bfQui\u00e9n es el responsable de tus datos?<\/strong><\/h4>\n\n\n\n<ul class=\"wp-block-list\">\n<li>Identidad: Gu\u00eda Latina en Israel<\/li>\n\n\n\n<li>Direcci\u00f3n: Jerusal\u00e9n, Israel<\/li>\n\n\n\n<li>Tel\u00e9fono:&nbsp;<a href=\"https:\/\/api.whatsapp.com\/send?phone=9720503834770\" target=\"_blank\" rel=\"noreferrer noopener\">+972-503-834-770<\/a><\/li>\n\n\n\n<li>Correo electr\u00f3nico:\u00a0<a rel=\"noreferrer noopener\" href=\"mailto:info@mamamia360.com\" target=\"_blank\">info@guialatinoenisrael.com<\/a><\/li>\n<\/ul>\n\n\n\n<h3 class=\"wp-block-heading\">&nbsp;<\/h3>\n\n\n\n<h4 class=\"wp-block-heading\"><strong>\u00bfCon qu\u00e9 finalidad recogemos tus datos personales?<\/strong><\/h4>\n\n\n\n<p>En Gu\u00eda Latina en Israel recogemos y tratamos la informaci\u00f3n que nos facilitas con el fin de responder a las cuestiones que nos planteas a trav\u00e9s de nuestros formularios de contacto y de comentarios, y de hacerte llegar informaci\u00f3n que sea de tu inter\u00e9s a trav\u00e9s de nuestros canales de comunicaci\u00f3n.<\/p>\n\n\n\n<p>Dicha informaci\u00f3n la mantendremos almacenada mientras no solicites su supresi\u00f3n.<\/p>\n\n\n\n<h3 class=\"wp-block-heading\">&nbsp;<\/h3>\n\n\n\n<h4 class=\"wp-block-heading\"><strong>\u00bfCu\u00e1l es la legitimaci\u00f3n para el tratamiento de tus datos?<\/strong><\/h4>\n\n\n\n<p>Las bases legales para el tratamiento de tus datos son las siguientes:<\/p>\n\n\n\n<ul class=\"wp-block-list\">\n<li>Ejecuci\u00f3n del contrato de suscripci\u00f3n para hacerte llegar informaci\u00f3n que sea de tu inter\u00e9s a trav\u00e9s de nuestros canales de comunicaci\u00f3n.<\/li>\n\n\n\n<li>Obtenci\u00f3n de tu consentimiento para responder a las cuestiones que nos planteas a trav\u00e9s de nuestros formularios de contacto y de comentarios.<\/li>\n<\/ul>\n\n\n\n<p>Recuerda que no est\u00e1s obligado a darnos tu consentimiento para el tratamiento de tus datos, pero de no hacerlo, Gu\u00eda Latina en Israel no podr\u00e1 hacerte llegar informaci\u00f3n que sea de tu inter\u00e9s a trav\u00e9s de nuestros canales de comunicaci\u00f3n.<\/p>\n\n\n\n<h4 class=\"wp-block-heading\">&nbsp;<\/h4>\n\n\n\n<h4 class=\"wp-block-heading\"><strong>\u00bfA qu\u00e9 destinatarios se comunicar\u00e1n tus datos de car\u00e1cter personal?<\/strong><\/h4>\n\n\n\n<p>Para poder ofrecerte nuestros servicios con una mejor calidad y cumplir con nuestras obligaciones fiscales, te hacemos saber que los datos que t\u00fa nos facilites pueden ser cedidos a:<\/p>\n\n\n\n<ul class=\"wp-block-list\">\n<li>Spd Hosting con domicilio fiscal en Tel Aviv, Israel, encargado de proporcionar el hosting y el dominio para esta web.<\/li>\n\n\n\n<li><a href=\"https:\/\/google.com\/\">Google LLC<\/a>,&nbsp;encargado de la recogida de anal\u00edticas de esta web y sujeto al acuerdo&nbsp;<a href=\"https:\/\/www.privacyshield.gov\/participant?id=a2zt000000001L5AAI&amp;status=Active\">EU-US PrivacyShield<\/a>.<\/li>\n<\/ul>\n\n\n\n<h4 class=\"wp-block-heading\">&nbsp;<\/h4>\n\n\n\n<h4 class=\"wp-block-heading\"><strong>\u00bfCu\u00e1les son tus derechos cuando nos facilitas tus datos personales?<\/strong><\/h4>\n\n\n\n<p>El hecho de que nos hayas cedido tus datos y nos hayas dado el consentimiento para tratarlos, no te vincula a nosotros. Existen una serie de derechos que puedes ejercer en cualquier momento, los cuales son:<\/p>\n\n\n\n<ul class=\"wp-block-list\">\n<li>Derechos a solicitar el acceso a tus datos de car\u00e1cter personal.<\/li>\n\n\n\n<li>Derecho a solicitar la rectificaci\u00f3n o supresi\u00f3n.<\/li>\n\n\n\n<li>Derecho a solicitar la limitaci\u00f3n del tratamiento.<\/li>\n\n\n\n<li>Derecho a oponerse al tratamiento.<\/li>\n<\/ul>\n\n\n\n<p>Para ejercer tus derechos, puedes escribirnos a nuestro correo:\u00a0<a rel=\"noreferrer noopener\" href=\"mailto:info@mamamia360.com\" target=\"_blank\"><a rel=\"noreferrer noopener\" href=\"mailto:info@mamamia360.com\" target=\"_blank\">info@guialatinoenisrael.com<\/a><\/a><\/p>\n\n\n\n<p>Tambi\u00e9n te informamos, que si has dado tu consentimiento para alguna finalidad espec\u00edfica, tienes derecho a retirarlo en cualquier momento, sin que ello afecte a la licitud del tratamiento basado en el consentimiento previo a su retirada.<\/p>\n\n\n\n<p>La Pol\u00edtica de Privacidad fue actualizada por \u00faltima vez el 17 de junio del 2023.<\/p>\n\t\t\t\t\t\t\t\t<\/div>\n\t\t\t\t<\/div>\n\t\t\t\t\t<\/div>\n\t\t<\/div>\n\t\t\t\t\t<\/div>\n\t\t<\/section>\n\t\t\t\t<\/div>","protected":false},"excerpt":{"rendered":"<p>Pol\u00edtica de privacidad Con este documento, queremos informarte de cu\u00e1les son los motivos por los que recogemos tus datos personales, qu\u00e9 hacemos con ellos, cu\u00e1les son tus derechos y de qu\u00e9 forma puedes ejercerlos. Si de verdad te interesa el destino de tus datos, te recomendamos que leas lo siguiente: &nbsp; \u00bfQui\u00e9n es el responsable [&hellip;]<\/p>\n","protected":false},"author":1,"featured_media":0,"parent":0,"menu_order":0,"comment_status":"closed","ping_status":"closed","template":"","meta":{"footnotes":""},"class_list":["post-3","page","type-page","status-publish","hentry"],"acf":[],"_links":{"self":[{"href":"https:\/\/guialatinoenisrael.com\/pt\/wp-json\/wp\/v2\/pages\/3","targetHints":{"allow":["GET"]}}],"collection":[{"href":"https:\/\/guialatinoenisrael.com\/pt\/wp-json\/wp\/v2\/pages"}],"about":[{"href":"https:\/\/guialatinoenisrael.com\/pt\/wp-json\/wp\/v2\/types\/page"}],"author":[{"embeddable":true,"href":"https:\/\/guialatinoenisrael.com\/pt\/wp-json\/wp\/v2\/users\/1"}],"replies":[{"embeddable":true,"href":"https:\/\/guialatinoenisrael.com\/pt\/wp-json\/wp\/v2\/comments?post=3"}],"version-history":[{"count":5,"href":"https:\/\/guialatinoenisrael.com\/pt\/wp-json\/wp\/v2\/pages\/3\/revisions"}],"predecessor-version":[{"id":441,"href":"https:\/\/guialatinoenisrael.com\/pt\/wp-json\/wp\/v2\/pages\/3\/revisions\/441"}],"wp:attachment":[{"href":"https:\/\/guialatinoenisrael.com\/pt\/wp-json\/wp\/v2\/media?parent=3"}],"curies":[{"name":"wp","href":"https:\/\/api.w.org\/{rel}","templated":true}]}}