{"id":1322,"date":"2023-07-12T09:00:34","date_gmt":"2023-07-12T09:00:34","guid":{"rendered":"https:\/\/guialatinoenisrael.com\/?page_id=1322"},"modified":"2023-07-12T09:02:41","modified_gmt":"2023-07-12T09:02:41","slug":"terminos-y-condiciones","status":"publish","type":"page","link":"https:\/\/guialatinoenisrael.com\/pt\/terminos-y-condiciones\/","title":{"rendered":"Terminos y condiciones"},"content":{"rendered":"<div data-elementor-type=\"wp-page\" data-elementor-id=\"1322\" class=\"elementor elementor-1322\" data-elementor-settings=\"{&quot;ha_cmc_init_switcher&quot;:&quot;no&quot;}\">\n\t\t\t\t\t\t<section class=\"elementor-section elementor-top-section elementor-element elementor-element-ef893d8 elementor-section-boxed elementor-section-height-default elementor-section-height-default\" data-id=\"ef893d8\" data-element_type=\"section\" data-e-type=\"section\" data-settings=\"{&quot;_ha_eqh_enable&quot;:false}\">\n\t\t\t\t\t\t<div class=\"elementor-container elementor-column-gap-default\">\n\t\t\t\t\t<div class=\"elementor-column elementor-col-100 elementor-top-column elementor-element elementor-element-16bf407\" data-id=\"16bf407\" data-element_type=\"column\" data-e-type=\"column\">\n\t\t\t<div class=\"elementor-widget-wrap elementor-element-populated\">\n\t\t\t\t\t\t<div class=\"elementor-element elementor-element-ccb0720 elementor-widget elementor-widget-spacer\" data-id=\"ccb0720\" data-element_type=\"widget\" data-e-type=\"widget\" data-widget_type=\"spacer.default\">\n\t\t\t\t<div class=\"elementor-widget-container\">\n\t\t\t\t\t\t\t<div class=\"elementor-spacer\">\n\t\t\t<div class=\"elementor-spacer-inner\"><\/div>\n\t\t<\/div>\n\t\t\t\t\t\t<\/div>\n\t\t\t\t<\/div>\n\t\t\t\t\t<\/div>\n\t\t<\/div>\n\t\t\t\t\t<\/div>\n\t\t<\/section>\n\t\t\t\t<section class=\"elementor-section elementor-top-section elementor-element elementor-element-c37073a elementor-section-boxed elementor-section-height-default elementor-section-height-default\" data-id=\"c37073a\" data-element_type=\"section\" data-e-type=\"section\" data-settings=\"{&quot;_ha_eqh_enable&quot;:false}\">\n\t\t\t\t\t\t<div class=\"elementor-container elementor-column-gap-default\">\n\t\t\t\t\t<div class=\"elementor-column elementor-col-100 elementor-top-column elementor-element elementor-element-f0c1a7f\" data-id=\"f0c1a7f\" data-element_type=\"column\" data-e-type=\"column\">\n\t\t\t<div class=\"elementor-widget-wrap elementor-element-populated\">\n\t\t\t\t\t\t<div class=\"elementor-element elementor-element-66025f9 elementor-widget elementor-widget-spacer\" data-id=\"66025f9\" data-element_type=\"widget\" data-e-type=\"widget\" data-widget_type=\"spacer.default\">\n\t\t\t\t<div class=\"elementor-widget-container\">\n\t\t\t\t\t\t\t<div class=\"elementor-spacer\">\n\t\t\t<div class=\"elementor-spacer-inner\"><\/div>\n\t\t<\/div>\n\t\t\t\t\t\t<\/div>\n\t\t\t\t<\/div>\n\t\t\t\t\t<\/div>\n\t\t<\/div>\n\t\t\t\t\t<\/div>\n\t\t<\/section>\n\t\t\t\t<section class=\"elementor-section elementor-top-section elementor-element elementor-element-467c560 elementor-section-boxed elementor-section-height-default elementor-section-height-default\" data-id=\"467c560\" data-element_type=\"section\" data-e-type=\"section\" data-settings=\"{&quot;_ha_eqh_enable&quot;:false}\">\n\t\t\t\t\t\t<div class=\"elementor-container elementor-column-gap-default\">\n\t\t\t\t\t<div class=\"elementor-column elementor-col-100 elementor-top-column elementor-element elementor-element-9730804\" data-id=\"9730804\" data-element_type=\"column\" data-e-type=\"column\">\n\t\t\t<div class=\"elementor-widget-wrap elementor-element-populated\">\n\t\t\t\t\t\t<div class=\"elementor-element elementor-element-de5c282 elementor-widget elementor-widget-text-editor\" data-id=\"de5c282\" data-element_type=\"widget\" data-e-type=\"widget\" data-widget_type=\"text-editor.default\">\n\t\t\t\t<div class=\"elementor-widget-container\">\n\t\t\t\t\t\t\t\t\t<div class=\"elementor-element elementor-element-a5c2945 elementor-widget elementor-widget-heading\" data-id=\"a5c2945\" data-element_type=\"widget\" data-widget_type=\"heading.default\"><div class=\"elementor-widget-container\"><h2 class=\"elementor-heading-title elementor-size-default\">T\u00e9rminos y condiciones<\/h2><\/div><\/div><div class=\"elementor-element elementor-element-738ed97 elementor-widget elementor-widget-text-editor\" data-id=\"738ed97\" data-element_type=\"widget\" data-widget_type=\"text-editor.default\"><div class=\"elementor-widget-container\"><h5><b>T\u00e9rminos y condiciones para prestar servicios a trav\u00e9s de la plataforma www.https:\/\/www.bufetelatino.co.il\/<\/b><\/h5><h5><b>Bufete Latino\u00a0 a trav\u00e9s de su sitio web www.bufetelatino.co.il, ofrece a los profesionales -en adelante \u201clos profesionales\/el profesional\u201d- del derecho (abogados, escribanos, procuradores, escribanos, etc) y de la contabilidad (contadores, actuarios, etc) una plataforma para darse a conocer a potenciales clientes, para que estos utilicen sus servicios y posicionarse en el mercado.<\/b><\/h5><p>Para formar parte de la plataforma es imprescindible env\u00edar una foto actual, un curr\u00edculum con los datos relevantes junto con los diplomas y t\u00edtulos relevantes obtenidos.<\/p><p>Asimismo, es imprescindible pasar una entrevista con nuestro staff en donde se revise la compatibilidad entre el profesional y la red, reserv\u00e1ndose Bufete Latino el derecho de admisi\u00f3n.<\/p><p>Al ingresar al sitio web www.bufetelatino.co.il el profesional reconoce haber le\u00eddo, comprendido y aceptado los T\u00e9rminos y Condiciones que se mencionan a continuaci\u00f3n:<\/p><p>Estos T\u00e9rminos y Condiciones se aplican a todos los profesionales registrados en este sitio web.<\/p><p>Es deber del profesional leer atentamente los T\u00e9rminos y Condiciones en cada una de las ocasiones en que se proponga ingresar al sitio web www.bufetelatino.co.il debido a que este documento puede sufrir cambios sin necesidad de aviso previo. El uso y acceso continuo del sitio web www.bufetelatino.co.il despu\u00e9s de la publicaci\u00f3n de cualquier cambio en su T\u00e9rminos y Condiciones constituye la aceptaci\u00f3n de dichos cambios.<\/p><p>Al acceder o utilizar cualquier parte del sitio, el profesional estar\u00e1 aceptando todos los t\u00e9rminos y condiciones de este acuerdo; en caso de disentir con cualquier cl\u00e1usula de este acuerdo, no deber\u00eda acceder al sitio web. www.bufetelatino.co.il<\/p><ul><li aria-level=\"1\">Acerca del servicio:<\/li><\/ul><p>Bufete Latino ofrece al profesional sus servicios de plataforma para darse a conocer a los potenciales usuarios, a favor de quienes brindar\u00e1 sus servicios dentro de su profesi\u00f3n o especialidad.<\/p><p>Bufete Latino solicita que todos sus profesionales posean licencia vigente para el ejercicio de su profesi\u00f3n o certificado que acredite su especialidad en su jurisdicci\u00f3n.<\/p><p>Los profesionales que publican en Bufete Latino trabajan de manera independiente. No son en modo alguno empleados, agentes o representantes de Bufete Latino. El profesional que publica sus servicios en www.bufetelatino.co.il acepta expresamente que no tiene relaci\u00f3n de subordinaci\u00f3n con Bufete Latino, con este sitio web o con ninguna empresa relacionada con \u00e9ste.<\/p><p>Bufete Latino se limita a servir de intermediario entre el usuario y el profesional, no teniendo responsabilidad por la idoneidad, calidad u oportunidad del servicio que le prestar\u00e1 \u00e9ste.<\/p><ul><li aria-level=\"1\">El profesional acepta encontrarse legalmente apto para celebrar este acuerdo.<\/li><li aria-level=\"1\">Toda la informaci\u00f3n que el profesional proporcione a esta plataforma deber\u00e1 ser cierta, actual y completa.<\/li><li aria-level=\"1\">El profesional no proporcionar\u00e1 ning\u00fan servicio y se abstendr\u00e1 de prestarlo a usuarios que accedan al sitio web, a menos que sea un profesional con licencia y con buena reputaci\u00f3n en el campo de especializaci\u00f3n relevante y que cumpla con todas las leyes, normas y regulaciones vigentes, incluyendo las normas \u00e9ticas y de responsabilidad profesional seg\u00fan su jurisdicci\u00f3n.<\/li><li aria-level=\"1\">El profesional es el \u00fanico responsable de la presentaci\u00f3n correcta y precisa de sus habilidades, t\u00edtulos, calificaciones, antecedentes y cualquier otra informaci\u00f3n que brinde a este sitio web, durante el uso de la plataforma de servicios o durante el trato directo con el usuario.<\/li><li aria-level=\"1\">Queda establecido que Bufete Latino, durante el proceso de admisi\u00f3n que incluye una entrevista, no se encuentra obligado a verificar la validez, exactitud y vigencia de la informaci\u00f3n proporcionada por el profesional.<\/li><li aria-level=\"1\">El profesional acepta que el sitio web tiene absoluta discreci\u00f3n para eliminar cualquier contenido, pudiendo el sitio web tambi\u00e9n negarse a publicar o transmitir contenidos que le fueron proporcionados por el profesional, sin previo aviso.<\/li><li aria-level=\"1\">El profesional no inducir\u00e1 al error y\/o enga\u00f1ar\u00e1 a los usuarios haci\u00e9ndoles creer que \u00e9l o ella puede ofrecerle un servicio que est\u00e1 fuera de su competencia y\/o experiencia y\/o para el cual carece de licencia.<\/li><li aria-level=\"1\">El profesional no brindar\u00e1 servicio alguno en cualquier jurisdicci\u00f3n en donde no se encuentre habilitado o se encuentre prohibido hacerlo.<\/li><li aria-level=\"1\">El profesional acepta que debe contar con los requerimientos t\u00e9cnicos adecuados (Hardware, Software, Conexi\u00f3n a Internet, etc.) para el adecuado funcionamiento de sus reuniones de virtuales.<\/li><li aria-level=\"1\">El profesional asume su plena responsabilidad para proteger su confidencialidad.<\/li><\/ul><p>Bufete Latino solicita que todos sus profesionales cumplan con las siguientes reglas:<\/p><ul><li aria-level=\"1\">El profesional debe ejercer el est\u00e1ndar de atenci\u00f3n exigido por su profesi\u00f3n.<\/li><li aria-level=\"1\">El profesional se abstendr\u00e1 de utilizar esta plataforma para prestar cualquier servicio al usuario que contravenga las leyes, regulaciones y estatutos vigentes en el Estado de Israel, as\u00ed como las normas de conducta \u00e9tica que se aplicaran a su jurisdicci\u00f3n.<\/li><li aria-level=\"1\">El profesional mantendr\u00e1 la confidencialidad y no divulgar\u00e1 ninguna informaci\u00f3n que le haya proporcionado un usuario y har\u00e1 todo lo posible para proteger la privacidad y la pol\u00edtica de privacidad de los usuarios.<\/li><li aria-level=\"1\">El profesional acepta y se compromete a no violar ninguna ley, estatuto, ordenanza, norma, reglamento o c\u00f3digo de \u00e9tica local, estatal, nacional o internacional aplicable en relaci\u00f3n al uso de la plataforma y en la relaci\u00f3n del con los usuarios y con Bufete Latino. El profesional, adem\u00e1s, acepta y se compromete a no participar en conductas que sean da\u00f1inas, poco \u00e9ticas, fraudulentas, enga\u00f1osas u ofensivas.<p>\u00a0<\/p><\/li><\/ul><p>\u00a0\u00a0\u00a0\u00a0\u00a0\u00a0\u00a0\u00a0\u00a0\u00a0Funcionamiento de la Plataforma:<\/p><p>El profesional reconoce que el funcionamiento de la plataforma depende de varios factores relacionados con el servicio en l\u00ednea. Por ello, el profesional asume que no hay garant\u00eda ni seguridad de que el servicio que se brinda sea ininterrumpido, puntual, seguro o libre de errores.<\/p><ol start=\"4\"><li>Honorarios y pagos:<\/li><\/ol><p>El profesional cobra sus servicios en forma independiente de la plataforma, no recibiendo la plataforma ninguna comisi\u00f3n por sus servicios.<\/p><ol start=\"5\"><li>Herramientas Opcionales:<\/li><\/ol><p>Es posible que se proporcione al profesional el acceso a herramientas de terceros a los cuales no monitoreamos y sobre los que no tenemos control ni entrada. El profesional reconoce y acepta que el acceso que este sitio web le proporciona a dichas herramientas es \u00abtal cual\u00bb y \u00abseg\u00fan disponibilidad\u00bb sin garant\u00edas, representaciones o condiciones de ning\u00fan tipo y sin ning\u00fan respaldo. No tendremos responsabilidad alguna derivada de o relacionada con el uso del profesional de herramientas proporcionadas por terceras partes. Cualquier uso de las herramientas opcionales que se ofrecen a trav\u00e9s del sitio web y\/o la plataforma ser\u00e1 bajo el riesgo y discreci\u00f3n del propio profesional, quien deber\u00e1 estar familiarizado y aprobar los t\u00e9rminos bajo los cuales estas herramientas son proporcionadas por los terceros. Tambi\u00e9n es posible que, en el futuro, este sitio web ofrezca nuevos servicios y\/o caracter\u00edsticas (incluyendo el lanzamiento de nuevas herramientas y recursos). Toda modificaci\u00f3n, adecuaci\u00f3n y\/o actualizaci\u00f3n del sitio web estar\u00e1 sujeta a estos T\u00e9rminos y Condiciones.<\/p><p>\u00a0\u00a0\u00a0\u00a0\u00a0\u00a0\u00a0\u00a0\u00a0\u00a06.Enlaces de Terceras Partes:<\/p><p>El sitio web puede incluir material, contenido, productos y servicios de terceras partes. Los enlaces de este sitio web pueden direccionar al profesional hacia sitios web de terceros que no tengan vinculaci\u00f3n y\/o afiliaci\u00f3n con nosotros. No nos responsabilizamos de examinar o evaluar el contenido o exactitud y no garantizamos ni tendremos ninguna obligaci\u00f3n o responsabilidad por cualquier material de terceros que se incluya en nuestro sitio web. No nos hacemos responsables de cualquier da\u00f1o o da\u00f1os relacionados con la adquisici\u00f3n o utilizaci\u00f3n de bienes, servicios, recursos, contenidos, o cualquier otra transacci\u00f3n realizada en conexi\u00f3n con sitios web de terceros. El profesional debe revisar cuidadosamente las pol\u00edticas y pr\u00e1cticas de terceros y asegurarse de entenderlas antes de participar en cualquier transacci\u00f3n. El profesional declara conocer que toda queja, reclamo, inquietud o pregunta con respecto a productos de terceros deben ser dirigidas directamente a dichos terceros.<\/p><p>\u00a0\u00a0\u00a0\u00a0\u00a0\u00a0\u00a0\u00a0\u00a0\u00a0\u00a0\u00a07.Informaci\u00f3n Personal:<\/p><p>La presentaci\u00f3n de informaci\u00f3n personal del profesional a trav\u00e9s del sitio se rige por nuestra Pol\u00edtica de Privacidad (disponible en https:\/\/wwwbufetelatino.co.il)<\/p><ul><li aria-level=\"1\">El proferional es el \u00fanico responsable de declarar y pagar cualquier impuesto aplicable relacionado con sus servicios, seg\u00fan la legislaci\u00f3n de su jurisdicci\u00f3n.<\/li><li aria-level=\"1\">El profesional acepta que Bufete Latino no tendr\u00e1 ninguna responsabilidad por los costos y\/o descuentos que apliquen las entidades bancarias y financieras por el uso de tarjetas de cr\u00e9dito u otros medios cuando act\u00faen como receptores de pago.<\/li><li aria-level=\"1\">El profesional acepta que Bufete Latino no tendr\u00e1 ninguna responsabilidad por cualquier deducci\u00f3n o tasa gubernamental que afecte la recepci\u00f3n de los pagos que implique este servicio.<p>\u00a0<\/p><\/li><\/ul><p>8.Errores, Inexactitudes y Omisiones:<\/p><p>Este sitio web o en la plataforma que brinda, ocasionalmente puede presentar errores tipogr\u00e1ficos, inexactitudes u omisiones relacionadas en las descripciones de productos, precios, promociones, ofertas y disponibilidad de estos. Nos reservamos el derecho de corregir los errores, inexactitudes u omisiones y de cambiar o actualizar la informaci\u00f3n o cancelar pedidos si alguna informaci\u00f3n en el Servicio o en cualquier sitio web relacionado es inexacta en cualquier momento sin previo aviso (incluso despu\u00e9s de que hayas enviado tu orden).<\/p><p>\u00a0\u00a0\u00a0\u00a0\u00a0\u00a0\u00a0\u00a0\u00a0\u00a09.Limitaci\u00f3n de responsabilidad:<\/p><ul><li aria-level=\"1\">El profesional reconoce y acepta que la Plataforma se proporciona para su uso \u00abtal cual\u00bb, y por lo tanto no tendr\u00e1 ning\u00fan reclamo hacia nosotros. En la m\u00e1xima medida de la ley, rechazamos expresamente todas las garant\u00edas de cualquier tipo, ya sean expresas o impl\u00edcitas.<\/li><li aria-level=\"1\">El registro y cualquier uso de la Plataforma se realiza bajo el \u00fanico y completo riesgo del profesional, sin ninguna garant\u00eda por parte de nosotros, incluidas las de comercializaci\u00f3n, idoneidad, no-infracci\u00f3n, compatibilidad, seguridad o exactitud.<\/li><li aria-level=\"1\">El profesional renuncia expresamente a todas las garant\u00edas de la informaci\u00f3n publicada o transmitida por los usuarios\u00a0 y \/ o miembros de la Plataforma.<\/li><li aria-level=\"1\">El profesional asumir\u00e1 todos los riesgos asociados con la carga y transmisi\u00f3n de material y la utilizaci\u00f3n de la Plataforma, incluida la confianza en su precisi\u00f3n, confiabilidad o legalidad.<\/li><li aria-level=\"1\">En ninguna circunstancia seremos responsables ante cualquier profesional por da\u00f1os indirectos, incidentales, consecuentes, especiales, punitivos o ejemplares, incluidos, entre otros, la p\u00e9rdida de negocios, ingresos, ganancias, uso, datos u otra ventaja econ\u00f3mica.<\/li><li aria-level=\"1\">El profesional ser\u00e1 el \u00fanico responsable de cualquier acuerdo que elija realizar con un usuario.<\/li><li aria-level=\"1\">Bufete Latino se reserva el derecho de suspender y\/o desactivar y\/o eliminar la membres\u00eda en la plataforma cualquier profesional sin previo aviso y reserv\u00e1ndose el derecho de brindar explicaciones, devolvi\u00e9ndole al profesional solamente el dinero, por el tiempo futuro no utilizado.<p>\u00a0<\/p><\/li><\/ul><ol start=\"10\"><li>Indemnidad:<\/li><\/ol><p>El profesional se obliga a eximir de responsabilidad y a mantener indemne de cualquier indemnizaci\u00f3n a Bufete Latino, as\u00ed como a sus matrices, subsidiarias, afiliados, socios, funcionarios, directores, agentes, contratistas, proveedores de servicios, subcontratistas, proveedores y empleados de cualquier reclamo, p\u00e9rdida, acci\u00f3n, demanda, responsabilidades, costos o gastos (incluidos honorarios de abogados) derivados de los siguientes supuestos: a) la falta de entrega, idoneidad, calidad, puntualidad o eficacia de los servicios que se proporcionaron a trav\u00e9s de esta plataforma; (b) por la violaci\u00f3n que hiciese el profesional de cualquier derecho de terceros, incluyendo sin limitaci\u00f3n cualquier derecho de propiedad, de propiedad intelectual, derechos de autor, publicidad, confidencialidad o derecho de privacidad.<\/p><p>Esta cl\u00e1usula seguir\u00e1 vigente despu\u00e9s de la finalizaci\u00f3n o vencimiento de este Acuerdo.<\/p><ol start=\"11\"><li>Resoluci\u00f3n:<\/li><\/ol><p>Las obligaciones y responsabilidades incurridas por las partes sobrevivir\u00e1n con todos sus efectos a la terminaci\u00f3n de este acuerdo.<\/p><p>Estos t\u00e9rminos y condiciones ser\u00e1n efectivos a menos que este acuerdo sea terminado por el profesional o por nosotros.<\/p><p>El profesional podr\u00e1 dar por terminado el servicio en cualquier momento mediante aviso indicando que no se desea continuar con el mismo. La prolongada falta de uso de nuestro sitio web podr\u00e1 significar la terminaci\u00f3n del servicio.<\/p><p>Bufete Latino se reserva el derecho de dar por concluido este acuerdo en caso advierta y\/o sospeche del incumplimiento por parte del profesional de cualquier t\u00e9rmino o disposici\u00f3n de estos T\u00e9rminos y Condiciones. Asimismo, Bufete Latino se reserva el derecho de terminar este acuerdo sin previo aviso y en cualquier momento. Bufete Latino se reserva el derecho de cesar la pertenencia de un profesional a la plataforma sin previo aviso y reserv\u00e1ndose el derecho de tener que brindar explicaciones, reintegr\u00e1ndose \u00fanicamente el dinero por el tiempo futuro no utilizado, \u00a1en caso de haberse abonado a la plataforma por adelantado!<\/p><ol start=\"12\"><li>Acuerdo Completo:<\/li><\/ol><p>Estos T\u00e9rminos y Condiciones, as\u00ed como las respectivas pol\u00edticas de uso publicadas por nosotros en este sitio web constituyen el acuerdo entre el profesional y nosotros y rigen el uso de esta plataforma y reemplazan cualquier acuerdo, comunicaci\u00f3n y propuesta anterior o contempor\u00e1nea, verbal o escrita, entre el profesional y nosotros (incluyendo, pero no limitando, a cualquier versi\u00f3n previa de los T\u00e9rminos y Condiciones).<\/p><p>La falta de ejercicio de cualquier derecho o disposici\u00f3n establecido a nuestro favor en estos T\u00e9rminos y Condiciones no constituir\u00e1 una renuncia a tal derecho o disposici\u00f3n.<\/p><ol start=\"13\"><li>Ley aplicable y jurisdicci\u00f3n:<\/li><\/ol><p>El presente acuerdo, as\u00ed como sus T\u00e9rminos y Condiciones se regir\u00e1n e interpretar\u00e1n en conformidad con las leyes del Estado de Israel. Cualquier acci\u00f3n o reclamo que surgiera en relaci\u00f3n a este acuerdo, independientemente de la nacionalidad, el lugar de domicilio o residencia del profesional se someter\u00e1 a la Jurisdicci\u00f3n y Competencia de los Jueces y Tribunales de la Corte Superior de Justicia del Estado de Israel. El profesional acepta expresamente la competencia de dicha jurisdicci\u00f3n y renuncia a cualquier cuestionamiento o excepci\u00f3n por raz\u00f3n de domicilio o nacionalidad.<\/p><ol start=\"14\"><li>Cambios en los T\u00e9rminos y Condiciones del Servicio:<\/li><\/ol><p>El profesional puede revisar la versi\u00f3n m\u00e1s actualizada de los T\u00e9rminos y Condiciones, en cualquier momento en este sitio web. Nos reservamos el derecho, a nuestra sola discreci\u00f3n, de actualizar, modificar o reemplazar cualquier extremo o cl\u00e1usula de estos T\u00e9rminos y Condiciones mediante la publicaci\u00f3n de las actualizaciones y los cambios en nuestro sitio web. Es responsabilidad del profesional revisar peri\u00f3dicamente el sitio web para verificar los cambios en los T\u00e9rminos y Condiciones.<\/p><ol start=\"15\"><li>Informaci\u00f3n de Contacto:<\/li><\/ol><p>Por preguntas y reclamos acerca de los T\u00e9rminos y Condiciones de servicio, dirigirse a los directores de Bufete Latino.<\/p><p>Bufete Latino les desea bendici\u00f3n y \u00e9xito en vuestra importante tarea, confiando en la buena voluntad y temor del Cielo de todos quienes integramos esta plataforma, brindando el mejor servicio a todos y cada uno de nuestros apreciados clientes. \u00a1Muchas gracias por confiar en nosotros!<\/p><\/div><\/div>\t\t\t\t\t\t\t\t<\/div>\n\t\t\t\t<\/div>\n\t\t\t\t\t<\/div>\n\t\t<\/div>\n\t\t\t\t\t<\/div>\n\t\t<\/section>\n\t\t\t\t<\/div>","protected":false},"excerpt":{"rendered":"<p>T\u00e9rminos y condiciones T\u00e9rminos y condiciones para prestar servicios a trav\u00e9s de la plataforma www.https:\/\/www.bufetelatino.co.il\/ Bufete Latino\u00a0 a trav\u00e9s de su sitio web www.bufetelatino.co.il, ofrece a los profesionales -en adelante \u201clos profesionales\/el profesional\u201d- del derecho (abogados, escribanos, procuradores, escribanos, etc) y de la contabilidad (contadores, actuarios, etc) una plataforma para darse a conocer a potenciales [&hellip;]<\/p>\n","protected":false},"author":1,"featured_media":0,"parent":0,"menu_order":0,"comment_status":"closed","ping_status":"closed","template":"","meta":{"footnotes":""},"class_list":["post-1322","page","type-page","status-publish","hentry"],"acf":[],"_links":{"self":[{"href":"https:\/\/guialatinoenisrael.com\/pt\/wp-json\/wp\/v2\/pages\/1322","targetHints":{"allow":["GET"]}}],"collection":[{"href":"https:\/\/guialatinoenisrael.com\/pt\/wp-json\/wp\/v2\/pages"}],"about":[{"href":"https:\/\/guialatinoenisrael.com\/pt\/wp-json\/wp\/v2\/types\/page"}],"author":[{"embeddable":true,"href":"https:\/\/guialatinoenisrael.com\/pt\/wp-json\/wp\/v2\/users\/1"}],"replies":[{"embeddable":true,"href":"https:\/\/guialatinoenisrael.com\/pt\/wp-json\/wp\/v2\/comments?post=1322"}],"version-history":[{"count":7,"href":"https:\/\/guialatinoenisrael.com\/pt\/wp-json\/wp\/v2\/pages\/1322\/revisions"}],"predecessor-version":[{"id":1329,"href":"https:\/\/guialatinoenisrael.com\/pt\/wp-json\/wp\/v2\/pages\/1322\/revisions\/1329"}],"wp:attachment":[{"href":"https:\/\/guialatinoenisrael.com\/pt\/wp-json\/wp\/v2\/media?parent=1322"}],"curies":[{"name":"wp","href":"https:\/\/api.w.org\/{rel}","templated":true}]}}